{"id":318,"date":"2023-05-28T14:42:01","date_gmt":"2023-05-28T17:42:01","guid":{"rendered":"https:\/\/nutrimascotasoficial.com\/?post_type=product&#038;p=318"},"modified":"2023-05-28T14:42:01","modified_gmt":"2023-05-28T17:42:01","slug":"alimento-adulto-combo-primocao-premium-original-30kg","status":"publish","type":"product","link":"https:\/\/nutrimascotasoficial.com\/index.php\/product\/alimento-adulto-combo-primocao-premium-original-30kg\/","title":{"rendered":"Alimento Adulto Combo Primocao Premium Original 30kg"},"content":{"rendered":"","protected":false},"excerpt":{"rendered":"<p>Primoc\u00e3o Premium Original Adultos Razas Medianas y Grandes es un alimento 100% completo y balanceado. Adem\u00e1s del sabor irresistible, las prote\u00ednas de alta calidad promueven m\u00fasculos fuertes. Adem\u00e1s,<em><strong>\u00a0est\u00e1 hecho con fibras naturales y extracto de yuca que favorecen la buena formaci\u00f3n y la reducci\u00f3n del olor de las heces.<\/strong><\/em><\/p>\n","protected":false},"featured_media":319,"comment_status":"open","ping_status":"closed","template":"","meta":{"site-sidebar-layout":"default","site-content-layout":"default","ast-global-header-display":"","ast-banner-title-visibility":"","ast-main-header-display":"","ast-hfb-above-header-display":"","ast-hfb-below-header-display":"","ast-hfb-mobile-header-display":"","site-post-title":"","ast-breadcrumbs-content":"","ast-featured-img":"","footer-sml-layout":"","theme-transparent-header-meta":"default","adv-header-id-meta":"","stick-header-meta":"","header-above-stick-meta":"","header-main-stick-meta":"","header-below-stick-meta":""},"product_cat":[26,20],"product_tag":[],"_links":{"self":[{"href":"https:\/\/nutrimascotasoficial.com\/index.php\/wp-json\/wp\/v2\/product\/318"}],"collection":[{"href":"https:\/\/nutrimascotasoficial.com\/index.php\/wp-json\/wp\/v2\/product"}],"about":[{"href":"https:\/\/nutrimascotasoficial.com\/index.php\/wp-json\/wp\/v2\/types\/product"}],"replies":[{"embeddable":true,"href":"https:\/\/nutrimascotasoficial.com\/index.php\/wp-json\/wp\/v2\/comments?post=318"}],"wp:featuredmedia":[{"embeddable":true,"href":"https:\/\/nutrimascotasoficial.com\/index.php\/wp-json\/wp\/v2\/media\/319"}],"wp:attachment":[{"href":"https:\/\/nutrimascotasoficial.com\/index.php\/wp-json\/wp\/v2\/media?parent=318"}],"wp:term":[{"taxonomy":"product_cat","embeddable":true,"href":"https:\/\/nutrimascotasoficial.com\/index.php\/wp-json\/wp\/v2\/product_cat?post=318"},{"taxonomy":"product_tag","embeddable":true,"href":"https:\/\/nutrimascotasoficial.com\/index.php\/wp-json\/wp\/v2\/product_tag?post=318"}],"curies":[{"name":"wp","href":"https:\/\/api.w.org\/{rel}","templated":true}]}}