{"id":320,"date":"2023-05-28T14:52:30","date_gmt":"2023-05-28T17:52:30","guid":{"rendered":"https:\/\/nutrimascotasoficial.com\/?post_type=product&#038;p=320"},"modified":"2024-11-11T10:24:25","modified_gmt":"2024-11-11T13:24:25","slug":"alimento-adulto-super-premium-threedogs","status":"publish","type":"product","link":"https:\/\/nutrimascotasoficial.com\/index.php\/product\/alimento-adulto-super-premium-threedogs\/","title":{"rendered":"Alimento Adulto  Super Premium ThreeDogs"},"content":{"rendered":"","protected":false},"excerpt":{"rendered":"<p><strong>Three Dogs Adulto Super Premium \u00a0de Razas Medianas y Grandes<\/strong>\u00a0es un alimento rico en ingredientes de alta calidad que suministran todos los nutrientes necesarios para mantener la calidad de vida y longevidad de los perros. Desarrollado especialmente para las razas Medianas y Grandes, Three Dogs S\u00faper Premium posee en su formulaci\u00f3n carne fresca bovina, es f\u00e1cil de digerir y muy sabroso.<\/p>\n","protected":false},"featured_media":328,"comment_status":"open","ping_status":"closed","template":"","meta":{"site-sidebar-layout":"default","site-content-layout":"default","ast-global-header-display":"","ast-banner-title-visibility":"","ast-main-header-display":"","ast-hfb-above-header-display":"","ast-hfb-below-header-display":"","ast-hfb-mobile-header-display":"","site-post-title":"","ast-breadcrumbs-content":"","ast-featured-img":"","footer-sml-layout":"","theme-transparent-header-meta":"default","adv-header-id-meta":"","stick-header-meta":"","header-above-stick-meta":"","header-main-stick-meta":"","header-below-stick-meta":""},"product_cat":[26,20],"product_tag":[],"_links":{"self":[{"href":"https:\/\/nutrimascotasoficial.com\/index.php\/wp-json\/wp\/v2\/product\/320"}],"collection":[{"href":"https:\/\/nutrimascotasoficial.com\/index.php\/wp-json\/wp\/v2\/product"}],"about":[{"href":"https:\/\/nutrimascotasoficial.com\/index.php\/wp-json\/wp\/v2\/types\/product"}],"replies":[{"embeddable":true,"href":"https:\/\/nutrimascotasoficial.com\/index.php\/wp-json\/wp\/v2\/comments?post=320"}],"wp:featuredmedia":[{"embeddable":true,"href":"https:\/\/nutrimascotasoficial.com\/index.php\/wp-json\/wp\/v2\/media\/328"}],"wp:attachment":[{"href":"https:\/\/nutrimascotasoficial.com\/index.php\/wp-json\/wp\/v2\/media?parent=320"}],"wp:term":[{"taxonomy":"product_cat","embeddable":true,"href":"https:\/\/nutrimascotasoficial.com\/index.php\/wp-json\/wp\/v2\/product_cat?post=320"},{"taxonomy":"product_tag","embeddable":true,"href":"https:\/\/nutrimascotasoficial.com\/index.php\/wp-json\/wp\/v2\/product_tag?post=320"}],"curies":[{"name":"wp","href":"https:\/\/api.w.org\/{rel}","templated":true}]}}