{"id":342,"date":"2023-05-28T16:08:22","date_gmt":"2023-05-28T19:08:22","guid":{"rendered":"https:\/\/nutrimascotasoficial.com\/?post_type=product&#038;p=342"},"modified":"2023-05-28T16:08:22","modified_gmt":"2023-05-28T19:08:22","slug":"alimento-equilibrio-veterinary-hypoallergenic-75kg","status":"publish","type":"product","link":"https:\/\/nutrimascotasoficial.com\/index.php\/product\/alimento-equilibrio-veterinary-hypoallergenic-75kg\/","title":{"rendered":"Alimento Equilibrio Veterinary Hypoallergenic 7,5kg"},"content":{"rendered":"","protected":false},"excerpt":{"rendered":"<p>\u2013 Dermatitis asociadas a alergia alimentar;<br \/>\n\u2013 Gastroenteritis asociada a alergia alimentar;<br \/>\n\u2013 Insuficiencia Pancre\u00e1tica Exocrina;<br \/>\n\u2013 Enteropat\u00edas con p\u00e9rdida de prote\u00ednas;<br \/>\n\u2013 Enfermedad inflamatoria intestinal.<\/p>\n","protected":false},"featured_media":343,"comment_status":"open","ping_status":"closed","template":"","meta":{"site-sidebar-layout":"default","site-content-layout":"default","ast-global-header-display":"","ast-banner-title-visibility":"","ast-main-header-display":"","ast-hfb-above-header-display":"","ast-hfb-below-header-display":"","ast-hfb-mobile-header-display":"","site-post-title":"","ast-breadcrumbs-content":"","ast-featured-img":"","footer-sml-layout":"","theme-transparent-header-meta":"default","adv-header-id-meta":"","stick-header-meta":"","header-above-stick-meta":"","header-main-stick-meta":"","header-below-stick-meta":""},"product_cat":[20,27],"product_tag":[],"_links":{"self":[{"href":"https:\/\/nutrimascotasoficial.com\/index.php\/wp-json\/wp\/v2\/product\/342"}],"collection":[{"href":"https:\/\/nutrimascotasoficial.com\/index.php\/wp-json\/wp\/v2\/product"}],"about":[{"href":"https:\/\/nutrimascotasoficial.com\/index.php\/wp-json\/wp\/v2\/types\/product"}],"replies":[{"embeddable":true,"href":"https:\/\/nutrimascotasoficial.com\/index.php\/wp-json\/wp\/v2\/comments?post=342"}],"wp:featuredmedia":[{"embeddable":true,"href":"https:\/\/nutrimascotasoficial.com\/index.php\/wp-json\/wp\/v2\/media\/343"}],"wp:attachment":[{"href":"https:\/\/nutrimascotasoficial.com\/index.php\/wp-json\/wp\/v2\/media?parent=342"}],"wp:term":[{"taxonomy":"product_cat","embeddable":true,"href":"https:\/\/nutrimascotasoficial.com\/index.php\/wp-json\/wp\/v2\/product_cat?post=342"},{"taxonomy":"product_tag","embeddable":true,"href":"https:\/\/nutrimascotasoficial.com\/index.php\/wp-json\/wp\/v2\/product_tag?post=342"}],"curies":[{"name":"wp","href":"https:\/\/api.w.org\/{rel}","templated":true}]}}