{"id":374,"date":"2023-05-28T18:22:02","date_gmt":"2023-05-28T21:22:02","guid":{"rendered":"https:\/\/nutrimascotasoficial.com\/?post_type=product&#038;p=374"},"modified":"2023-05-28T18:22:02","modified_gmt":"2023-05-28T21:22:02","slug":"alimento-max-selection-20kg","status":"publish","type":"product","link":"https:\/\/nutrimascotasoficial.com\/index.php\/product\/alimento-max-selection-20kg\/","title":{"rendered":"Alimento Max Selection 20kg"},"content":{"rendered":"","protected":false},"excerpt":{"rendered":"<p>Alimento completo para perros adultos.<br \/>\nTu mejor amigo est\u00e1 siempre a tu lado. Y con la mejor nutrici\u00f3n, ustedes pueden pasar mucho m\u00e1s tiempo juntos y felices. Por eso, Max Selecci\u00f3n fue desarrollado dentro del concepto innovador de alimentaci\u00f3n NUTRACEUTICA.<\/p>\n","protected":false},"featured_media":375,"comment_status":"open","ping_status":"closed","template":"","meta":{"site-sidebar-layout":"default","site-content-layout":"default","ast-global-header-display":"","ast-banner-title-visibility":"","ast-main-header-display":"","ast-hfb-above-header-display":"","ast-hfb-below-header-display":"","ast-hfb-mobile-header-display":"","site-post-title":"","ast-breadcrumbs-content":"","ast-featured-img":"","footer-sml-layout":"","theme-transparent-header-meta":"default","adv-header-id-meta":"","stick-header-meta":"","header-above-stick-meta":"","header-main-stick-meta":"","header-below-stick-meta":""},"product_cat":[20,27],"product_tag":[],"_links":{"self":[{"href":"https:\/\/nutrimascotasoficial.com\/index.php\/wp-json\/wp\/v2\/product\/374"}],"collection":[{"href":"https:\/\/nutrimascotasoficial.com\/index.php\/wp-json\/wp\/v2\/product"}],"about":[{"href":"https:\/\/nutrimascotasoficial.com\/index.php\/wp-json\/wp\/v2\/types\/product"}],"replies":[{"embeddable":true,"href":"https:\/\/nutrimascotasoficial.com\/index.php\/wp-json\/wp\/v2\/comments?post=374"}],"wp:featuredmedia":[{"embeddable":true,"href":"https:\/\/nutrimascotasoficial.com\/index.php\/wp-json\/wp\/v2\/media\/375"}],"wp:attachment":[{"href":"https:\/\/nutrimascotasoficial.com\/index.php\/wp-json\/wp\/v2\/media?parent=374"}],"wp:term":[{"taxonomy":"product_cat","embeddable":true,"href":"https:\/\/nutrimascotasoficial.com\/index.php\/wp-json\/wp\/v2\/product_cat?post=374"},{"taxonomy":"product_tag","embeddable":true,"href":"https:\/\/nutrimascotasoficial.com\/index.php\/wp-json\/wp\/v2\/product_tag?post=374"}],"curies":[{"name":"wp","href":"https:\/\/api.w.org\/{rel}","templated":true}]}}