{"id":386,"date":"2023-05-28T18:49:53","date_gmt":"2023-05-28T21:49:53","guid":{"rendered":"https:\/\/nutrimascotasoficial.com\/?post_type=product&#038;p=386"},"modified":"2023-05-28T18:49:53","modified_gmt":"2023-05-28T21:49:53","slug":"alimento-frost-adulto-sb-10kg","status":"publish","type":"product","link":"https:\/\/nutrimascotasoficial.com\/index.php\/product\/alimento-frost-adulto-sb-10kg\/","title":{"rendered":"Alimento Frost Adulto Sb 10kg"},"content":{"rendered":"","protected":false},"excerpt":{"rendered":"<p>Indicado para perros adultos de razas mini y peque\u00f1as. Su tama\u00f1o y f\u00f3rmula se adaptan a las necesidades de estos perros, que suelen ser m\u00e1s activos.<\/p>\n","protected":false},"featured_media":387,"comment_status":"open","ping_status":"closed","template":"","meta":{"site-sidebar-layout":"default","site-content-layout":"default","ast-global-header-display":"","ast-banner-title-visibility":"","ast-main-header-display":"","ast-hfb-above-header-display":"","ast-hfb-below-header-display":"","ast-hfb-mobile-header-display":"","site-post-title":"","ast-breadcrumbs-content":"","ast-featured-img":"","footer-sml-layout":"","theme-transparent-header-meta":"default","adv-header-id-meta":"","stick-header-meta":"","header-above-stick-meta":"","header-main-stick-meta":"","header-below-stick-meta":""},"product_cat":[20,28],"product_tag":[],"_links":{"self":[{"href":"https:\/\/nutrimascotasoficial.com\/index.php\/wp-json\/wp\/v2\/product\/386"}],"collection":[{"href":"https:\/\/nutrimascotasoficial.com\/index.php\/wp-json\/wp\/v2\/product"}],"about":[{"href":"https:\/\/nutrimascotasoficial.com\/index.php\/wp-json\/wp\/v2\/types\/product"}],"replies":[{"embeddable":true,"href":"https:\/\/nutrimascotasoficial.com\/index.php\/wp-json\/wp\/v2\/comments?post=386"}],"wp:featuredmedia":[{"embeddable":true,"href":"https:\/\/nutrimascotasoficial.com\/index.php\/wp-json\/wp\/v2\/media\/387"}],"wp:attachment":[{"href":"https:\/\/nutrimascotasoficial.com\/index.php\/wp-json\/wp\/v2\/media?parent=386"}],"wp:term":[{"taxonomy":"product_cat","embeddable":true,"href":"https:\/\/nutrimascotasoficial.com\/index.php\/wp-json\/wp\/v2\/product_cat?post=386"},{"taxonomy":"product_tag","embeddable":true,"href":"https:\/\/nutrimascotasoficial.com\/index.php\/wp-json\/wp\/v2\/product_tag?post=386"}],"curies":[{"name":"wp","href":"https:\/\/api.w.org\/{rel}","templated":true}]}}