{"id":406,"date":"2023-05-28T20:35:05","date_gmt":"2023-05-28T23:35:05","guid":{"rendered":"https:\/\/nutrimascotasoficial.com\/?post_type=product&#038;p=406"},"modified":"2023-05-28T20:35:05","modified_gmt":"2023-05-28T23:35:05","slug":"alimento-cachorro-natural-dog-14kg","status":"publish","type":"product","link":"https:\/\/nutrimascotasoficial.com\/index.php\/product\/alimento-cachorro-natural-dog-14kg\/","title":{"rendered":"Alimento Cachorro Natural Dog 14kg"},"content":{"rendered":"","protected":false},"excerpt":{"rendered":"<p>Alimento 100% completo y balanceado. Posee todos los nutrientes que su mascota necesita para una vida prolongada y saludable.<\/p>\n<p>Beneficios:<\/p>\n<p>-A trav\u00e9s del uso de sustancias protectoras y estimuladoras de las vellosidades intestinales, aumenta la absorci\u00f3n de nutrientes<\/p>\n<p>-Combate el colesterol malo (LDL), a trav\u00e9s de la combinaci\u00f3n de \u00e1cidos grasos Omega 3 , 6<\/p>\n<p>-Mantiene el aparato circulatorio libre de placas de grasas en las paredes arteriales<\/p>\n<p>-Mantiene el aparato inmune en \u00f3ptima salud, actuando contra infecciones, y acelerando la curaci\u00f3n de heridas<\/p>\n<p>-Mantiene la integridad de la piel y el pelo, confiri\u00e9ndole una suavidad y brillo especial<\/p>\n<p>-Fortalece el sistema nervioso central, evitando trastornos neurol\u00f3gicos y alteraciones en la formaci\u00f3n de gl\u00f3bulos rojos<\/p>\n","protected":false},"featured_media":407,"comment_status":"open","ping_status":"closed","template":"","meta":{"site-sidebar-layout":"default","site-content-layout":"default","ast-global-header-display":"","ast-banner-title-visibility":"","ast-main-header-display":"","ast-hfb-above-header-display":"","ast-hfb-below-header-display":"","ast-hfb-mobile-header-display":"","site-post-title":"","ast-breadcrumbs-content":"","ast-featured-img":"","footer-sml-layout":"","theme-transparent-header-meta":"default","adv-header-id-meta":"","stick-header-meta":"","header-above-stick-meta":"","header-main-stick-meta":"","header-below-stick-meta":""},"product_cat":[29,20],"product_tag":[],"_links":{"self":[{"href":"https:\/\/nutrimascotasoficial.com\/index.php\/wp-json\/wp\/v2\/product\/406"}],"collection":[{"href":"https:\/\/nutrimascotasoficial.com\/index.php\/wp-json\/wp\/v2\/product"}],"about":[{"href":"https:\/\/nutrimascotasoficial.com\/index.php\/wp-json\/wp\/v2\/types\/product"}],"replies":[{"embeddable":true,"href":"https:\/\/nutrimascotasoficial.com\/index.php\/wp-json\/wp\/v2\/comments?post=406"}],"wp:featuredmedia":[{"embeddable":true,"href":"https:\/\/nutrimascotasoficial.com\/index.php\/wp-json\/wp\/v2\/media\/407"}],"wp:attachment":[{"href":"https:\/\/nutrimascotasoficial.com\/index.php\/wp-json\/wp\/v2\/media?parent=406"}],"wp:term":[{"taxonomy":"product_cat","embeddable":true,"href":"https:\/\/nutrimascotasoficial.com\/index.php\/wp-json\/wp\/v2\/product_cat?post=406"},{"taxonomy":"product_tag","embeddable":true,"href":"https:\/\/nutrimascotasoficial.com\/index.php\/wp-json\/wp\/v2\/product_tag?post=406"}],"curies":[{"name":"wp","href":"https:\/\/api.w.org\/{rel}","templated":true}]}}