{"id":408,"date":"2023-05-28T20:38:21","date_gmt":"2023-05-28T23:38:21","guid":{"rendered":"https:\/\/nutrimascotasoficial.com\/?post_type=product&#038;p=408"},"modified":"2025-07-26T16:12:47","modified_gmt":"2025-07-26T19:12:47","slug":"alimento-adulto-the-golden-choice-14kg","status":"publish","type":"product","link":"https:\/\/nutrimascotasoficial.com\/index.php\/product\/alimento-adulto-the-golden-choice-14kg\/","title":{"rendered":"Alimento Adulto The Golden Choice 14kg"},"content":{"rendered":"","protected":false},"excerpt":{"rendered":"<p class=\"p1\">Alimento de calidad Super Premium que presenta cualidades espec\u00edficamente desarrolladas para otorgarle a tu perro beneficios como un tracto digestivo sano, mejora en la absorci\u00f3n de nutrientes, estimulaci\u00f3n de su sistema inmunitario, otorg\u00e1ndole una piel sana y un pelo brillante, y favoreciendo la salud de sus articulaciones.<\/p>\n<p>&nbsp;<\/p>\n","protected":false},"featured_media":409,"comment_status":"open","ping_status":"closed","template":"","meta":{"site-sidebar-layout":"default","site-content-layout":"default","ast-global-header-display":"","ast-banner-title-visibility":"","ast-main-header-display":"","ast-hfb-above-header-display":"","ast-hfb-below-header-display":"","ast-hfb-mobile-header-display":"","site-post-title":"","ast-breadcrumbs-content":"","ast-featured-img":"","footer-sml-layout":"","theme-transparent-header-meta":"default","adv-header-id-meta":"","stick-header-meta":"","header-above-stick-meta":"","header-main-stick-meta":"","header-below-stick-meta":""},"product_cat":[29,20],"product_tag":[],"_links":{"self":[{"href":"https:\/\/nutrimascotasoficial.com\/index.php\/wp-json\/wp\/v2\/product\/408"}],"collection":[{"href":"https:\/\/nutrimascotasoficial.com\/index.php\/wp-json\/wp\/v2\/product"}],"about":[{"href":"https:\/\/nutrimascotasoficial.com\/index.php\/wp-json\/wp\/v2\/types\/product"}],"replies":[{"embeddable":true,"href":"https:\/\/nutrimascotasoficial.com\/index.php\/wp-json\/wp\/v2\/comments?post=408"}],"wp:featuredmedia":[{"embeddable":true,"href":"https:\/\/nutrimascotasoficial.com\/index.php\/wp-json\/wp\/v2\/media\/409"}],"wp:attachment":[{"href":"https:\/\/nutrimascotasoficial.com\/index.php\/wp-json\/wp\/v2\/media?parent=408"}],"wp:term":[{"taxonomy":"product_cat","embeddable":true,"href":"https:\/\/nutrimascotasoficial.com\/index.php\/wp-json\/wp\/v2\/product_cat?post=408"},{"taxonomy":"product_tag","embeddable":true,"href":"https:\/\/nutrimascotasoficial.com\/index.php\/wp-json\/wp\/v2\/product_tag?post=408"}],"curies":[{"name":"wp","href":"https:\/\/api.w.org\/{rel}","templated":true}]}}