{"id":466,"date":"2023-05-31T19:30:24","date_gmt":"2023-05-31T22:30:24","guid":{"rendered":"https:\/\/nutrimascotasoficial.com\/?post_type=product&#038;p=466"},"modified":"2023-05-31T19:30:24","modified_gmt":"2023-05-31T22:30:24","slug":"alimento-pro-plan-complete-razas-medianas","status":"publish","type":"product","link":"https:\/\/nutrimascotasoficial.com\/index.php\/product\/alimento-pro-plan-complete-razas-medianas\/","title":{"rendered":"Alimento Pro Plan Complete Razas Medianas"},"content":{"rendered":"","protected":false},"excerpt":{"rendered":"<p>Esta f\u00f3rmula ofrece, a trav\u00e9s de sus sabrosas croquetas, un contenido rico en prote\u00ednas (26%) y grasas (15%), utilizando como ingrediente principal carne fresca de pollo, que ayuda a los perros a mantener la masa corporal magra y m\u00fasculos fuertes.<\/p>\n","protected":false},"featured_media":467,"comment_status":"open","ping_status":"closed","template":"","meta":{"site-sidebar-layout":"default","site-content-layout":"default","ast-global-header-display":"","ast-banner-title-visibility":"","ast-main-header-display":"","ast-hfb-above-header-display":"","ast-hfb-below-header-display":"","ast-hfb-mobile-header-display":"","site-post-title":"","ast-breadcrumbs-content":"","ast-featured-img":"","footer-sml-layout":"","theme-transparent-header-meta":"default","adv-header-id-meta":"","stick-header-meta":"","header-above-stick-meta":"","header-main-stick-meta":"","header-below-stick-meta":""},"product_cat":[15,20,35],"product_tag":[],"_links":{"self":[{"href":"https:\/\/nutrimascotasoficial.com\/index.php\/wp-json\/wp\/v2\/product\/466"}],"collection":[{"href":"https:\/\/nutrimascotasoficial.com\/index.php\/wp-json\/wp\/v2\/product"}],"about":[{"href":"https:\/\/nutrimascotasoficial.com\/index.php\/wp-json\/wp\/v2\/types\/product"}],"replies":[{"embeddable":true,"href":"https:\/\/nutrimascotasoficial.com\/index.php\/wp-json\/wp\/v2\/comments?post=466"}],"wp:featuredmedia":[{"embeddable":true,"href":"https:\/\/nutrimascotasoficial.com\/index.php\/wp-json\/wp\/v2\/media\/467"}],"wp:attachment":[{"href":"https:\/\/nutrimascotasoficial.com\/index.php\/wp-json\/wp\/v2\/media?parent=466"}],"wp:term":[{"taxonomy":"product_cat","embeddable":true,"href":"https:\/\/nutrimascotasoficial.com\/index.php\/wp-json\/wp\/v2\/product_cat?post=466"},{"taxonomy":"product_tag","embeddable":true,"href":"https:\/\/nutrimascotasoficial.com\/index.php\/wp-json\/wp\/v2\/product_tag?post=466"}],"curies":[{"name":"wp","href":"https:\/\/api.w.org\/{rel}","templated":true}]}}