{"id":470,"date":"2023-05-31T19:37:00","date_gmt":"2023-05-31T22:37:00","guid":{"rendered":"https:\/\/nutrimascotasoficial.com\/?post_type=product&#038;p=470"},"modified":"2023-05-31T19:37:00","modified_gmt":"2023-05-31T22:37:00","slug":"alimento-pro-plan-exigent-dog-small-breed","status":"publish","type":"product","link":"https:\/\/nutrimascotasoficial.com\/index.php\/product\/alimento-pro-plan-exigent-dog-small-breed\/","title":{"rendered":"Alimento Pro Plan Exigent Dog Small Breed"},"content":{"rendered":"","protected":false},"excerpt":{"rendered":"<p>Provee nutrici\u00f3n que podr\u00e1s percibir por medio de un pelaje sano y brillante con un sabor \u00fanico que los perros de razas peque\u00f1as con los paladares m\u00e1s exigentes disfrutaran.<br \/>\nNutrici\u00f3n de vanguardia que satisface las necesidades espec\u00edficas de perros adultos de razas peque\u00f1as con paladares exigentes, para que alcancen un estado de salud \u00f3ptima y un bienestar general.<\/p>\n","protected":false},"featured_media":471,"comment_status":"open","ping_status":"closed","template":"","meta":{"site-sidebar-layout":"default","site-content-layout":"default","ast-global-header-display":"","ast-banner-title-visibility":"","ast-main-header-display":"","ast-hfb-above-header-display":"","ast-hfb-below-header-display":"","ast-hfb-mobile-header-display":"","site-post-title":"","ast-breadcrumbs-content":"","ast-featured-img":"","footer-sml-layout":"","theme-transparent-header-meta":"default","adv-header-id-meta":"","stick-header-meta":"","header-above-stick-meta":"","header-main-stick-meta":"","header-below-stick-meta":""},"product_cat":[20,35],"product_tag":[],"_links":{"self":[{"href":"https:\/\/nutrimascotasoficial.com\/index.php\/wp-json\/wp\/v2\/product\/470"}],"collection":[{"href":"https:\/\/nutrimascotasoficial.com\/index.php\/wp-json\/wp\/v2\/product"}],"about":[{"href":"https:\/\/nutrimascotasoficial.com\/index.php\/wp-json\/wp\/v2\/types\/product"}],"replies":[{"embeddable":true,"href":"https:\/\/nutrimascotasoficial.com\/index.php\/wp-json\/wp\/v2\/comments?post=470"}],"wp:featuredmedia":[{"embeddable":true,"href":"https:\/\/nutrimascotasoficial.com\/index.php\/wp-json\/wp\/v2\/media\/471"}],"wp:attachment":[{"href":"https:\/\/nutrimascotasoficial.com\/index.php\/wp-json\/wp\/v2\/media?parent=470"}],"wp:term":[{"taxonomy":"product_cat","embeddable":true,"href":"https:\/\/nutrimascotasoficial.com\/index.php\/wp-json\/wp\/v2\/product_cat?post=470"},{"taxonomy":"product_tag","embeddable":true,"href":"https:\/\/nutrimascotasoficial.com\/index.php\/wp-json\/wp\/v2\/product_tag?post=470"}],"curies":[{"name":"wp","href":"https:\/\/api.w.org\/{rel}","templated":true}]}}