{"id":483,"date":"2023-05-31T20:15:41","date_gmt":"2023-05-31T23:15:41","guid":{"rendered":"https:\/\/nutrimascotasoficial.com\/?post_type=product&#038;p=483"},"modified":"2023-05-31T20:15:41","modified_gmt":"2023-05-31T23:15:41","slug":"alimento-pro-plan-puppy-raza-pequena","status":"publish","type":"product","link":"https:\/\/nutrimascotasoficial.com\/index.php\/product\/alimento-pro-plan-puppy-raza-pequena\/","title":{"rendered":"Alimento Pro Plan Puppy Raza Peque\u00f1a"},"content":{"rendered":"","protected":false},"excerpt":{"rendered":"<p>Pro Plan Puppy Small Breed, es un alimento para cachorros de hasta 12 meses de edad que pesen hasta 9 kg. Nuestra exclusiva f\u00f3rmula OptiStart\u00ae \u00fanica con Calostro, fuente natural de defensas maternas para el desarrollo del sistema inmunol\u00f3gico y rico en prebi\u00f3ticos que promueven un sistema digestivo estable.<\/p>\n","protected":false},"featured_media":484,"comment_status":"open","ping_status":"closed","template":"","meta":{"site-sidebar-layout":"default","site-content-layout":"default","ast-global-header-display":"","ast-banner-title-visibility":"","ast-main-header-display":"","ast-hfb-above-header-display":"","ast-hfb-below-header-display":"","ast-hfb-mobile-header-display":"","site-post-title":"","ast-breadcrumbs-content":"","ast-featured-img":"","footer-sml-layout":"","theme-transparent-header-meta":"default","adv-header-id-meta":"","stick-header-meta":"","header-above-stick-meta":"","header-main-stick-meta":"","header-below-stick-meta":""},"product_cat":[20,35],"product_tag":[],"_links":{"self":[{"href":"https:\/\/nutrimascotasoficial.com\/index.php\/wp-json\/wp\/v2\/product\/483"}],"collection":[{"href":"https:\/\/nutrimascotasoficial.com\/index.php\/wp-json\/wp\/v2\/product"}],"about":[{"href":"https:\/\/nutrimascotasoficial.com\/index.php\/wp-json\/wp\/v2\/types\/product"}],"replies":[{"embeddable":true,"href":"https:\/\/nutrimascotasoficial.com\/index.php\/wp-json\/wp\/v2\/comments?post=483"}],"wp:featuredmedia":[{"embeddable":true,"href":"https:\/\/nutrimascotasoficial.com\/index.php\/wp-json\/wp\/v2\/media\/484"}],"wp:attachment":[{"href":"https:\/\/nutrimascotasoficial.com\/index.php\/wp-json\/wp\/v2\/media?parent=483"}],"wp:term":[{"taxonomy":"product_cat","embeddable":true,"href":"https:\/\/nutrimascotasoficial.com\/index.php\/wp-json\/wp\/v2\/product_cat?post=483"},{"taxonomy":"product_tag","embeddable":true,"href":"https:\/\/nutrimascotasoficial.com\/index.php\/wp-json\/wp\/v2\/product_tag?post=483"}],"curies":[{"name":"wp","href":"https:\/\/api.w.org\/{rel}","templated":true}]}}