{"id":526,"date":"2023-05-31T21:38:00","date_gmt":"2023-06-01T00:38:00","guid":{"rendered":"https:\/\/nutrimascotasoficial.com\/?post_type=product&#038;p=526"},"modified":"2023-05-31T21:38:01","modified_gmt":"2023-06-01T00:38:01","slug":"nexgard-4-a-10-kg","status":"publish","type":"product","link":"https:\/\/nutrimascotasoficial.com\/index.php\/product\/nexgard-4-a-10-kg\/","title":{"rendered":"Nexgard 4 a 10 kg"},"content":{"rendered":"","protected":false},"excerpt":{"rendered":"<p>NexGard es un antipulgas que proteger\u00e1 a tu perro de contraer par\u00e1sitos externos como pulgas y garrapatas cuyo efecto empezar\u00e1 actuar despu\u00e9s de 30 minutos de ser ingerida la tableta.<\/p>\n<p>Tiene un sabroso sabor a carne, lo cual facilitar\u00e1 el suministro, pues el perro lo comer\u00e1 de forma voluntaria.<\/p>\n<p>Es una forma f\u00e1cil, segura y r\u00e1pida de prevenir a nuestros perros y eliminar pulgas y garrapatas.<\/p>\n<p>Beneficios de NexGard<\/p>\n<p>\u2013 Empieza a actuar 30 minutos despues de ser ingerida la tableta y su efecto alcanzar\u00e1 el 100% de efectividad despu\u00e9s de 8 horas.<\/p>\n<p>\u2013 Es una forma segura y r\u00e1pida de prevenir y eliminar pulgas y garrapatas.<\/p>\n<p>\u2013 Es una tableta con sabor a carne que el perro comer\u00e1 voluntariamente.<\/p>\n<p>\u2013 Podr\u00e1s ba\u00f1ar a tu perro en cualquier momento sin afectar el efecto de la tableta.<\/p>\n","protected":false},"featured_media":527,"comment_status":"open","ping_status":"closed","template":"","meta":{"site-sidebar-layout":"default","site-content-layout":"default","ast-global-header-display":"","ast-banner-title-visibility":"","ast-main-header-display":"","ast-hfb-above-header-display":"","ast-hfb-below-header-display":"","ast-hfb-mobile-header-display":"","site-post-title":"","ast-breadcrumbs-content":"","ast-featured-img":"","footer-sml-layout":"","theme-transparent-header-meta":"default","adv-header-id-meta":"","stick-header-meta":"","header-above-stick-meta":"","header-main-stick-meta":"","header-below-stick-meta":""},"product_cat":[38],"product_tag":[],"_links":{"self":[{"href":"https:\/\/nutrimascotasoficial.com\/index.php\/wp-json\/wp\/v2\/product\/526"}],"collection":[{"href":"https:\/\/nutrimascotasoficial.com\/index.php\/wp-json\/wp\/v2\/product"}],"about":[{"href":"https:\/\/nutrimascotasoficial.com\/index.php\/wp-json\/wp\/v2\/types\/product"}],"replies":[{"embeddable":true,"href":"https:\/\/nutrimascotasoficial.com\/index.php\/wp-json\/wp\/v2\/comments?post=526"}],"wp:featuredmedia":[{"embeddable":true,"href":"https:\/\/nutrimascotasoficial.com\/index.php\/wp-json\/wp\/v2\/media\/527"}],"wp:attachment":[{"href":"https:\/\/nutrimascotasoficial.com\/index.php\/wp-json\/wp\/v2\/media?parent=526"}],"wp:term":[{"taxonomy":"product_cat","embeddable":true,"href":"https:\/\/nutrimascotasoficial.com\/index.php\/wp-json\/wp\/v2\/product_cat?post=526"},{"taxonomy":"product_tag","embeddable":true,"href":"https:\/\/nutrimascotasoficial.com\/index.php\/wp-json\/wp\/v2\/product_tag?post=526"}],"curies":[{"name":"wp","href":"https:\/\/api.w.org\/{rel}","templated":true}]}}