{"id":534,"date":"2023-06-01T19:26:58","date_gmt":"2023-06-01T22:26:58","guid":{"rendered":"https:\/\/nutrimascotasoficial.com\/?post_type=product&#038;p=534"},"modified":"2025-04-12T07:24:16","modified_gmt":"2025-04-12T10:24:16","slug":"alimento-whiskas-pescado-10kg","status":"publish","type":"product","link":"https:\/\/nutrimascotasoficial.com\/index.php\/product\/alimento-whiskas-pescado-10kg\/","title":{"rendered":"Alimento Whiskas Pescado 10kg"},"content":{"rendered":"","protected":false},"excerpt":{"rendered":"<div class=\"woocommerce-product-details__short-description\">\n<p>Whiskas Sabor Pescado es un alimento completo que satisface las necesidades nutricionales de tu gato. Su f\u00f3rmula est\u00e1 enriquecida con vitaminas, minerales y amino\u00e1cidos esenciales. Adem\u00e1s contiene antioxidantes, que ayudan a eliminar a los radicales libres.<\/p>\n<\/div>\n<form class=\"cart\" action=\"https:\/\/nuevaerauruguay.com\/maldonado\/producto\/whiskas-pescado-10-kg\/\" enctype=\"multipart\/form-data\" method=\"post\">\n<div class=\"joinchat__woo-btn__wrapper\">\n<div class=\"joinchat__woo-btn joinchat_app\">Consultar por WhatsApp<\/div>\n<\/div>\n<\/form>\n","protected":false},"featured_media":535,"comment_status":"open","ping_status":"closed","template":"","meta":{"site-sidebar-layout":"default","site-content-layout":"default","ast-global-header-display":"","ast-banner-title-visibility":"","ast-main-header-display":"","ast-hfb-above-header-display":"","ast-hfb-below-header-display":"","ast-hfb-mobile-header-display":"","site-post-title":"","ast-breadcrumbs-content":"","ast-featured-img":"","footer-sml-layout":"","theme-transparent-header-meta":"default","adv-header-id-meta":"","stick-header-meta":"","header-above-stick-meta":"","header-main-stick-meta":"","header-below-stick-meta":""},"product_cat":[21,40],"product_tag":[],"_links":{"self":[{"href":"https:\/\/nutrimascotasoficial.com\/index.php\/wp-json\/wp\/v2\/product\/534"}],"collection":[{"href":"https:\/\/nutrimascotasoficial.com\/index.php\/wp-json\/wp\/v2\/product"}],"about":[{"href":"https:\/\/nutrimascotasoficial.com\/index.php\/wp-json\/wp\/v2\/types\/product"}],"replies":[{"embeddable":true,"href":"https:\/\/nutrimascotasoficial.com\/index.php\/wp-json\/wp\/v2\/comments?post=534"}],"wp:featuredmedia":[{"embeddable":true,"href":"https:\/\/nutrimascotasoficial.com\/index.php\/wp-json\/wp\/v2\/media\/535"}],"wp:attachment":[{"href":"https:\/\/nutrimascotasoficial.com\/index.php\/wp-json\/wp\/v2\/media?parent=534"}],"wp:term":[{"taxonomy":"product_cat","embeddable":true,"href":"https:\/\/nutrimascotasoficial.com\/index.php\/wp-json\/wp\/v2\/product_cat?post=534"},{"taxonomy":"product_tag","embeddable":true,"href":"https:\/\/nutrimascotasoficial.com\/index.php\/wp-json\/wp\/v2\/product_tag?post=534"}],"curies":[{"name":"wp","href":"https:\/\/api.w.org\/{rel}","templated":true}]}}